{"id":247,"date":"2022-12-05T10:56:50","date_gmt":"2022-12-05T10:56:50","guid":{"rendered":"https:\/\/ch.ee\/?page_id=247"},"modified":"2024-01-05T14:55:55","modified_gmt":"2024-01-05T14:55:55","slug":"tutvustus","status":"publish","type":"page","link":"https:\/\/ch.ee\/en\/tutvustus\/","title":{"rendered":"Introduction"},"content":{"rendered":"<p>[et_pb_section fb_built=&#8221;1&#8243; disabled_on=&#8221;on|off|off&#8221; admin_label=&#8221;Desktop&#8221; module_class=&#8221;desktop-header&#8221; _builder_version=&#8221;4.20.4&#8243; _module_preset=&#8221;default&#8221; background_color=&#8221;#0C71C3&#8243; background_enable_color=&#8221;off&#8221; background_image=&#8221;https:\/\/ch.ee\/wp-content\/uploads\/2022\/11\/2.png&#8221; background_position=&#8221;bottom_center&#8221; background_vertical_offset=&#8221;26%&#8221; module_alignment=&#8221;center&#8221; min_height=&#8221;450px&#8221; height=&#8221;720px&#8221; max_height_last_edited=&#8221;off|desktop&#8221; custom_margin=&#8221;0px||0px||false|false&#8221; custom_padding=&#8221;0px||0px||false|false&#8221; global_module=&#8221;222&#8243; saved_tabs=&#8221;all&#8221; global_colors_info=&#8221;{}&#8221; max_height__hover_enabled=&#8221;off|desktop&#8221;][et_pb_row column_structure=&#8221;1_2,1_2&#8243; use_custom_gutter=&#8221;on&#8221; gutter_width=&#8221;4&#8243; disabled_on=&#8221;off|off|off&#8221; admin_label=&#8221;tavalehe-header-desktop&#8221; _builder_version=&#8221;4.20.4&#8243; _module_preset=&#8221;default&#8221; background_enable_color=&#8221;off&#8221; width=&#8221;100%&#8221; max_width=&#8221;100%&#8221; custom_margin=&#8221;0px||||false|false&#8221; custom_padding=&#8221;0px||0px||false|false&#8221; global_colors_info=&#8221;{}&#8221;][et_pb_column type=&#8221;1_2&#8243; _builder_version=&#8221;4.19.1&#8243; _module_preset=&#8221;default&#8221; global_colors_info=&#8221;{}&#8221;][et_pb_image src=&#8221;https:\/\/ch.ee\/wp-content\/uploads\/2023\/05\/logo_l-7.png&#8221; title_text=&#8221;logo_l-7&#8243; url=&#8221;\/&#8221; _builder_version=&#8221;4.20.4&#8243; _module_preset=&#8221;default&#8221; global_colors_info=&#8221;{}&#8221;][\/et_pb_image][\/et_pb_column][et_pb_column type=&#8221;1_2&#8243; _builder_version=&#8221;4.19.1&#8243; _module_preset=&#8221;default&#8221; global_colors_info=&#8221;{}&#8221;][et_pb_menu _builder_version=&#8221;4.19.1&#8243; _module_preset=&#8221;default&#8221; background_color=&#8221;RGBA(255,255,255,0)&#8221; background_image=&#8221;https:\/\/ch.ee\/wp-content\/uploads\/2022\/11\/menu-bg.png&#8221; background_size=&#8221;stretch&#8221; background_position=&#8221;bottom_right&#8221; custom_margin=&#8221;20px||0px|0px|false|false&#8221; custom_padding=&#8221;50px|50px|50px|50px|false|false&#8221; global_colors_info=&#8221;{}&#8221;][\/et_pb_menu][\/et_pb_column][\/et_pb_row][et_pb_row _builder_version=&#8221;4.19.1&#8243; _module_preset=&#8221;default&#8221; width=&#8221;100%&#8221; max_width=&#8221;100%&#8221; custom_padding=&#8221;0px||0px|||&#8221; global_colors_info=&#8221;{}&#8221;][et_pb_column type=&#8221;4_4&#8243; _builder_version=&#8221;4.19.1&#8243; _module_preset=&#8221;default&#8221; global_colors_info=&#8221;{}&#8221;][et_pb_post_title meta=&#8221;off&#8221; featured_image=&#8221;off&#8221; text_color=&#8221;light&#8221; _builder_version=&#8221;4.19.1&#8243; _module_preset=&#8221;default&#8221; title_font=&#8221;Yantramanav|700||on|||||&#8221; title_font_size=&#8221;64px&#8221; title_letter_spacing=&#8221;1px&#8221; width=&#8221;80%&#8221; max_width=&#8221;80%&#8221; module_alignment=&#8221;center&#8221; global_colors_info=&#8221;{}&#8221;][\/et_pb_post_title][\/et_pb_column][\/et_pb_row][\/et_pb_section][et_pb_section fb_built=&#8221;1&#8243; disabled_on=&#8221;off|on|on&#8221; admin_label=&#8221;Mobiil&#8221; module_class=&#8221;mobile-header-tavaleht&#8221; _builder_version=&#8221;4.19.1&#8243; _module_preset=&#8221;default&#8221; background_enable_color=&#8221;off&#8221; background_image=&#8221;https:\/\/ch.ee\/wp-content\/uploads\/2022\/11\/2.png&#8221; background_position=&#8221;bottom_right&#8221; background_horizontal_offset=&#8221;43%&#8221; background_vertical_offset=&#8221;26%&#8221; module_alignment=&#8221;center&#8221; min_height=&#8221;550px&#8221; height=&#8221;720px&#8221; max_height_last_edited=&#8221;off|desktop&#8221; custom_margin=&#8221;0px||0px||false|false&#8221; custom_padding=&#8221;0px||0px||false|false&#8221; global_module=&#8221;220&#8243; saved_tabs=&#8221;all&#8221; global_colors_info=&#8221;{}&#8221; max_height__hover_enabled=&#8221;off|desktop&#8221;][et_pb_row column_structure=&#8221;1_3,1_3,1_3&#8243; disabled_on=&#8221;off|off|off&#8221; admin_label=&#8221;tavalehe-header-desktop&#8221; _builder_version=&#8221;4.19.1&#8243; _module_preset=&#8221;default&#8221; background_enable_color=&#8221;off&#8221; width=&#8221;100%&#8221; max_width=&#8221;100%&#8221; custom_margin=&#8221;0px||||false|false&#8221; custom_padding=&#8221;0px||0px||false|false&#8221; global_colors_info=&#8221;{}&#8221;][et_pb_column type=&#8221;1_3&#8243; _builder_version=&#8221;4.19.1&#8243; _module_preset=&#8221;default&#8221; global_colors_info=&#8221;{}&#8221;][et_pb_image src=&#8221;https:\/\/ch.ee\/wp-content\/uploads\/2023\/05\/logo_l-7.png&#8221; title_text=&#8221;logo_l-7&#8243; url=&#8221;\/&#8221; _builder_version=&#8221;4.20.4&#8243; _module_preset=&#8221;default&#8221; global_colors_info=&#8221;{}&#8221;][\/et_pb_image][\/et_pb_column][et_pb_column type=&#8221;1_3&#8243; _builder_version=&#8221;4.19.1&#8243; _module_preset=&#8221;default&#8221; global_colors_info=&#8221;{}&#8221;][et_pb_divider _builder_version=&#8221;4.19.1&#8243; _module_preset=&#8221;default&#8221; global_colors_info=&#8221;{}&#8221;][\/et_pb_divider][\/et_pb_column][et_pb_column type=&#8221;1_3&#8243; _builder_version=&#8221;4.19.1&#8243; _module_preset=&#8221;default&#8221; global_colors_info=&#8221;{}&#8221;][et_pb_menu _builder_version=&#8221;4.19.1&#8243; _module_preset=&#8221;default&#8221; background_color=&#8221;RGBA(255,255,255,0)&#8221; background_image=&#8221;https:\/\/ch.ee\/wp-content\/uploads\/2022\/11\/menu-bg.png&#8221; background_size=&#8221;stretch&#8221; background_position=&#8221;bottom_right&#8221; custom_margin=&#8221;20px||0px|0px|false|false&#8221; custom_padding=&#8221;50px|50px|50px|50px|false|false&#8221; global_colors_info=&#8221;{}&#8221;][\/et_pb_menu][\/et_pb_column][\/et_pb_row][et_pb_row _builder_version=&#8221;4.19.1&#8243; _module_preset=&#8221;default&#8221; width=&#8221;100%&#8221; max_width=&#8221;100%&#8221; custom_padding=&#8221;60px|||||&#8221; global_colors_info=&#8221;{}&#8221;][et_pb_column type=&#8221;4_4&#8243; _builder_version=&#8221;4.19.1&#8243; _module_preset=&#8221;default&#8221; global_colors_info=&#8221;{}&#8221;][et_pb_post_title meta=&#8221;off&#8221; featured_image=&#8221;off&#8221; text_color=&#8221;light&#8221; _builder_version=&#8221;4.19.1&#8243; _module_preset=&#8221;default&#8221; title_font=&#8221;Yantramanav|700||on|||||&#8221; title_font_size=&#8221;64px&#8221; title_letter_spacing=&#8221;1px&#8221; width=&#8221;80%&#8221; max_width=&#8221;80%&#8221; module_alignment=&#8221;center&#8221; title_font_size_tablet=&#8221;&#8221; title_font_size_phone=&#8221;32px&#8221; title_font_size_last_edited=&#8221;on|phone&#8221; global_colors_info=&#8221;{}&#8221;][\/et_pb_post_title][\/et_pb_column][\/et_pb_row][\/et_pb_section][et_pb_section fb_built=&#8221;1&#8243; _builder_version=&#8221;4.19.1&#8243; _module_preset=&#8221;default&#8221; custom_padding=&#8221;0px|||||&#8221; global_colors_info=&#8221;{}&#8221;][et_pb_row custom_padding_last_edited=&#8221;on|desktop&#8221; _builder_version=&#8221;4.19.1&#8243; _module_preset=&#8221;default&#8221; custom_padding=&#8221;||||false|false&#8221; custom_padding_tablet=&#8221;||0px||false|false&#8221; custom_padding_phone=&#8221;||0px||false|false&#8221; global_colors_info=&#8221;{}&#8221;][et_pb_column type=&#8221;4_4&#8243; _builder_version=&#8221;4.19.1&#8243; _module_preset=&#8221;default&#8221; global_colors_info=&#8221;{}&#8221;][et_pb_menu menu_id=&#8221;11&#8243; active_link_color=&#8221;#175488&#8243; _builder_version=&#8221;4.19.1&#8243; _module_preset=&#8221;default&#8221; menu_font=&#8221;Yantramanav|700|||||||&#8221; menu_text_color=&#8221;#175488&#8243; menu_font_size=&#8221;16px&#8221; menu_letter_spacing=&#8221;1px&#8221; text_orientation=&#8221;center&#8221; custom_margin=&#8221;||11px|||&#8221; global_colors_info=&#8221;{}&#8221;][\/et_pb_menu][et_pb_divider color=&#8221;#175488&#8243; _builder_version=&#8221;4.19.1&#8243; _module_preset=&#8221;default&#8221; background_color=&#8221;RGBA(255,255,255,0)&#8221; height=&#8221;25px&#8221; custom_margin=&#8221;||6px|||&#8221; custom_padding=&#8221;||0px|||&#8221; global_colors_info=&#8221;{}&#8221;][\/et_pb_divider][et_pb_text _builder_version=&#8221;4.20.4&#8243; _module_preset=&#8221;default&#8221; link_font=&#8221;||||on||||&#8221; hover_enabled=&#8221;0&#8243; global_colors_info=&#8221;{}&#8221; sticky_enabled=&#8221;0&#8243;]<\/p>\n<p style=\"text-align: justify;\">Cargo Handling AS (abbreviated CH) is a company that has been operating since 1993 and offers air cargo handling, various storage services and goods distribution services. The company is responsible for the safe and efficient handling of the shipment while adhering to strict security requirements and aviation industry standards.<\/p>\n<p style=\"text-align: justify;\">CH is fully owned by ACE Logistics Group, which owns various companies operating in the field of logistics in Estonia, Latvia, Lithuania, Ukraine and Finland.<\/p>\n<p>Cargo Handling AS has a license to operate a customs terminal, a public customs warehouse and an excise warehouse at Valukoja 32\/3 in Tallinn.<\/p>\n<p>Our partners are various airline and courier companies:<br \/>\uf0b7 Lufthansa Cargo<br \/>\uf0b7 Scandinavian Airlines<br \/>\uf0b7 LOT Polish Airlines<br \/>\uf0b7 UPS Cargo<br \/>\uf0b7 Jetpak<br \/>\uf0b7 time:matters<\/p>\n<p>[\/et_pb_text][\/et_pb_column][\/et_pb_row][\/et_pb_section][et_pb_section fb_built=&#8221;1&#8243; admin_label=&#8221;Footer&#8221; _builder_version=&#8221;4.19.1&#8243; _module_preset=&#8221;default&#8221; background_color=&#8221;#175488&#8243; global_module=&#8221;211&#8243; saved_tabs=&#8221;all&#8221; locked=&#8221;off&#8221; collapsed=&#8221;off&#8221; global_colors_info=&#8221;{}&#8221;][et_pb_row column_structure=&#8221;1_3,1_3,1_3&#8243; _builder_version=&#8221;4.19.1&#8243; _module_preset=&#8221;default&#8221; custom_padding=&#8221;0px|||||&#8221; locked=&#8221;off&#8221; global_colors_info=&#8221;{}&#8221;][et_pb_column type=&#8221;1_3&#8243; _builder_version=&#8221;4.19.1&#8243; _module_preset=&#8221;default&#8221; global_colors_info=&#8221;{}&#8221;][et_pb_text admin_label=&#8221;Ettev\u00f5ttest&#8221; module_class=&#8221;jaluse-pealkiri&#8221; _builder_version=&#8221;4.19.1&#8243; _module_preset=&#8221;default&#8221; text_font=&#8221;Yantramanav|700|||||||&#8221; text_text_color=&#8221;#FFFFFF&#8221; text_font_size=&#8221;24px&#8221; text_letter_spacing=&#8221;1px&#8221; global_colors_info=&#8221;{}&#8221;]<\/p>\n<p>ABOUT CH<\/p>\n<p>[\/et_pb_text][et_pb_text _builder_version=&#8221;4.20.4&#8243; _module_preset=&#8221;default&#8221; text_font=&#8221;Public Sans||||||||&#8221; text_text_color=&#8221;#FFFFFF&#8221; text_line_height=&#8221;1em&#8221; link_font=&#8221;Public Sans||||||||&#8221; link_text_color=&#8221;#FFFFFF&#8221; custom_margin=&#8221;20px|||||&#8221; global_colors_info=&#8221;{}&#8221;]<a href=\"https:\/\/ch.ee\/en\/firmast\/\"><span>About us<\/span><\/a><\/p>\n<p><a href=\"https:\/\/ch.ee\/en\/kontakt\/\"><span>Contact<\/span><\/a>[\/et_pb_text][\/et_pb_column][et_pb_column type=&#8221;1_3&#8243; _builder_version=&#8221;4.19.1&#8243; _module_preset=&#8221;default&#8221; global_colors_info=&#8221;{}&#8221;][et_pb_text admin_label=&#8221;Meie teenused&#8221; module_class=&#8221;jaluse-pealkiri&#8221; _builder_version=&#8221;4.19.1&#8243; _module_preset=&#8221;default&#8221; text_font=&#8221;Yantramanav|700|||||||&#8221; text_text_color=&#8221;#FFFFFF&#8221; text_font_size=&#8221;24px&#8221; text_letter_spacing=&#8221;1px&#8221; global_colors_info=&#8221;{}&#8221;]<\/p>\n<p>OUR SERVICES<\/p>\n<p>[\/et_pb_text][et_pb_text _builder_version=&#8221;4.20.4&#8243; _module_preset=&#8221;default&#8221; text_font=&#8221;Public Sans||||||||&#8221; text_text_color=&#8221;#FFFFFF&#8221; text_line_height=&#8221;1em&#8221; link_font=&#8221;Public Sans||||||||&#8221; link_text_color=&#8221;#FFFFFF&#8221; global_colors_info=&#8221;{}&#8221;]<a href=\"https:\/\/ch.ee\/en\/tolliterminaliteenused\/\"><span>Customs Terminal Services<\/span><\/a><\/p>\n<p><a href=\"https:\/\/ch.ee\/en\/tollilaoteenused\/\"><span>Customs Warehouse Services<\/span><\/a><\/p>\n<p><a href=\"https:\/\/ch.ee\/en\/aktsiisilaoteenused\/\"><span>Excise Warehouse Services<\/span><\/a><\/p>\n<p><a href=\"\/en\/lennuvaljateenused\/\"><span>Lennuv\u00e4ljateenused<\/span><\/a>[\/et_pb_text][\/et_pb_column][et_pb_column type=&#8221;1_3&#8243; _builder_version=&#8221;4.19.1&#8243; _module_preset=&#8221;default&#8221; global_colors_info=&#8221;{}&#8221;][et_pb_text admin_label=&#8221;Kasulikud lingid&#8221; module_class=&#8221;jaluse-pealkiri&#8221; _builder_version=&#8221;4.19.1&#8243; _module_preset=&#8221;default&#8221; text_font=&#8221;Yantramanav|700|||||||&#8221; text_text_color=&#8221;#FFFFFF&#8221; text_font_size=&#8221;24px&#8221; text_letter_spacing=&#8221;1px&#8221; global_colors_info=&#8221;{}&#8221;]<\/p>\n<p>USEFUL LINKS<\/p>\n<p>[\/et_pb_text][et_pb_text _builder_version=&#8221;4.20.4&#8243; _module_preset=&#8221;default&#8221; text_font=&#8221;Public Sans||||||||&#8221; text_text_color=&#8221;#FFFFFF&#8221; text_line_height=&#8221;1em&#8221; link_font=&#8221;Public Sans||||||||&#8221; link_text_color=&#8221;#FFFFFF&#8221; custom_margin=&#8221;20px|||||&#8221; global_colors_info=&#8221;{}&#8221;]<a href=\"https:\/\/ch.ee\/en\/teenused\/\"><span>Services<\/span><\/a><\/p>\n<p><a href=\"\/en\/abiinfo\/\"><span>Abiinfo<\/span><\/a><\/p>\n<p><a href=\"https:\/\/ch.ee\/en\/tagasiside\/\"><span>Feedback<\/span><\/a><\/p>\n<p><a href=\"https:\/\/ch.ee\/en\/saadetise-jalgimine\/\"><span>Track the shipment<\/span><\/a>[\/et_pb_text][\/et_pb_column][\/et_pb_row][\/et_pb_section]<\/p>","protected":false},"excerpt":{"rendered":"<p>Cargo Handling AS (l\u00fchendatult CH) on alates 1993. aastast tegutsev ettev\u00f5te, mis pakub lennukaupade k\u00e4sitlemist, erinevaid ladustamisteenuseid ja kaupade jaotusteenust. Ettev\u00f5te vastutab saadetise ohutu ja t\u00f5husa k\u00e4itlemise eest, samas j\u00e4rgides rangeid turvan\u00f5udeid ja lennundussektori standardeid. CH kuulub t\u00e4ielikult ACE Logistics Groupile, mis omab erinevaid logistikavaldkonnas tegutsevaid ettev\u00f5tteid Eesti, L\u00e4tis, Leedus, Ukrainas ja Soomes. Cargo Handling [&hellip;]<\/p>","protected":false},"author":1,"featured_media":0,"parent":0,"menu_order":0,"comment_status":"closed","ping_status":"closed","template":"page-template-blank.php","meta":{"_et_pb_use_builder":"on","_et_pb_old_content":"","_et_gb_content_width":"","footnotes":""},"class_list":["post-247","page","type-page","status-publish","hentry"],"_links":{"self":[{"href":"https:\/\/ch.ee\/en\/wp-json\/wp\/v2\/pages\/247","targetHints":{"allow":["GET"]}}],"collection":[{"href":"https:\/\/ch.ee\/en\/wp-json\/wp\/v2\/pages"}],"about":[{"href":"https:\/\/ch.ee\/en\/wp-json\/wp\/v2\/types\/page"}],"author":[{"embeddable":true,"href":"https:\/\/ch.ee\/en\/wp-json\/wp\/v2\/users\/1"}],"replies":[{"embeddable":true,"href":"https:\/\/ch.ee\/en\/wp-json\/wp\/v2\/comments?post=247"}],"version-history":[{"count":3,"href":"https:\/\/ch.ee\/en\/wp-json\/wp\/v2\/pages\/247\/revisions"}],"predecessor-version":[{"id":395,"href":"https:\/\/ch.ee\/en\/wp-json\/wp\/v2\/pages\/247\/revisions\/395"}],"wp:attachment":[{"href":"https:\/\/ch.ee\/en\/wp-json\/wp\/v2\/media?parent=247"}],"curies":[{"name":"wp","href":"https:\/\/api.w.org\/{rel}","templated":true}]}}