{"id":251,"date":"2022-12-05T10:57:28","date_gmt":"2022-12-05T10:57:28","guid":{"rendered":"https:\/\/ch.ee\/?page_id=251"},"modified":"2022-12-05T11:10:43","modified_gmt":"2022-12-05T11:10:43","slug":"asukoht","status":"publish","type":"page","link":"https:\/\/ch.ee\/en\/asukoht\/","title":{"rendered":"Location"},"content":{"rendered":"<p>[et_pb_section fb_built=&#8221;1&#8243; disabled_on=&#8221;on|off|off&#8221; admin_label=&#8221;Desktop&#8221; module_class=&#8221;desktop-header&#8221; _builder_version=&#8221;4.19.1&#8243; _module_preset=&#8221;default&#8221; background_enable_color=&#8221;off&#8221; background_image=&#8221;https:\/\/ch.ee\/wp-content\/uploads\/2022\/11\/2.png&#8221; background_position=&#8221;bottom_center&#8221; background_vertical_offset=&#8221;26%&#8221; module_alignment=&#8221;center&#8221; min_height=&#8221;550px&#8221; height=&#8221;720px&#8221; max_height_last_edited=&#8221;off|desktop&#8221; custom_margin=&#8221;0px||0px||false|false&#8221; custom_padding=&#8221;0px||0px||false|false&#8221; global_module=&#8221;222&#8243; saved_tabs=&#8221;all&#8221; global_colors_info=&#8221;{}&#8221; max_height__hover_enabled=&#8221;off|desktop&#8221;][et_pb_row column_structure=&#8221;1_3,1_3,1_3&#8243; disabled_on=&#8221;off|off|off&#8221; admin_label=&#8221;tavalehe-header-desktop&#8221; _builder_version=&#8221;4.19.1&#8243; _module_preset=&#8221;default&#8221; background_enable_color=&#8221;off&#8221; width=&#8221;100%&#8221; max_width=&#8221;100%&#8221; custom_margin=&#8221;0px||||false|false&#8221; custom_padding=&#8221;0px||0px||false|false&#8221; global_colors_info=&#8221;{}&#8221;][et_pb_column type=&#8221;1_3&#8243; _builder_version=&#8221;4.19.1&#8243; _module_preset=&#8221;default&#8221; global_colors_info=&#8221;{}&#8221;][et_pb_image src=&#8221;https:\/\/ch.ee\/wp-content\/uploads\/2022\/11\/logo_l-4.png&#8221; title_text=&#8221;logo_l-4&#8243; url=&#8221;\/&#8221; _builder_version=&#8221;4.19.1&#8243; _module_preset=&#8221;default&#8221; global_colors_info=&#8221;{}&#8221;][\/et_pb_image][\/et_pb_column][et_pb_column type=&#8221;1_3&#8243; _builder_version=&#8221;4.19.1&#8243; _module_preset=&#8221;default&#8221; global_colors_info=&#8221;{}&#8221;][et_pb_divider _builder_version=&#8221;4.19.1&#8243; _module_preset=&#8221;default&#8221; global_colors_info=&#8221;{}&#8221;][\/et_pb_divider][\/et_pb_column][et_pb_column type=&#8221;1_3&#8243; _builder_version=&#8221;4.19.1&#8243; _module_preset=&#8221;default&#8221; global_colors_info=&#8221;{}&#8221;][et_pb_menu _builder_version=&#8221;4.19.1&#8243; _module_preset=&#8221;default&#8221; background_color=&#8221;RGBA(255,255,255,0)&#8221; background_image=&#8221;https:\/\/ch.ee\/wp-content\/uploads\/2022\/11\/menu-bg.png&#8221; background_size=&#8221;stretch&#8221; background_position=&#8221;bottom_right&#8221; custom_margin=&#8221;20px||0px|0px|false|false&#8221; custom_padding=&#8221;50px|50px|50px|50px|false|false&#8221; global_colors_info=&#8221;{}&#8221;][\/et_pb_menu][\/et_pb_column][\/et_pb_row][et_pb_row _builder_version=&#8221;4.19.1&#8243; _module_preset=&#8221;default&#8221; width=&#8221;100%&#8221; max_width=&#8221;100%&#8221; custom_padding=&#8221;60px|||||&#8221; global_colors_info=&#8221;{}&#8221;][et_pb_column type=&#8221;4_4&#8243; _builder_version=&#8221;4.19.1&#8243; _module_preset=&#8221;default&#8221; global_colors_info=&#8221;{}&#8221;][et_pb_post_title meta=&#8221;off&#8221; featured_image=&#8221;off&#8221; text_color=&#8221;light&#8221; _builder_version=&#8221;4.19.1&#8243; _module_preset=&#8221;default&#8221; title_font=&#8221;Yantramanav|700||on|||||&#8221; title_font_size=&#8221;64px&#8221; title_letter_spacing=&#8221;1px&#8221; width=&#8221;80%&#8221; max_width=&#8221;80%&#8221; module_alignment=&#8221;center&#8221; global_colors_info=&#8221;{}&#8221;][\/et_pb_post_title][\/et_pb_column][\/et_pb_row][\/et_pb_section][et_pb_section fb_built=&#8221;1&#8243; disabled_on=&#8221;off|on|on&#8221; admin_label=&#8221;Mobiil&#8221; module_class=&#8221;mobile-header-tavaleht&#8221; _builder_version=&#8221;4.19.1&#8243; _module_preset=&#8221;default&#8221; background_enable_color=&#8221;off&#8221; background_image=&#8221;https:\/\/ch.ee\/wp-content\/uploads\/2022\/11\/2.png&#8221; background_position=&#8221;bottom_right&#8221; background_horizontal_offset=&#8221;43%&#8221; background_vertical_offset=&#8221;26%&#8221; module_alignment=&#8221;center&#8221; min_height=&#8221;550px&#8221; height=&#8221;720px&#8221; max_height_last_edited=&#8221;off|desktop&#8221; custom_margin=&#8221;0px||0px||false|false&#8221; custom_padding=&#8221;0px||0px||false|false&#8221; global_module=&#8221;220&#8243; saved_tabs=&#8221;all&#8221; global_colors_info=&#8221;{}&#8221; max_height__hover_enabled=&#8221;off|desktop&#8221;][et_pb_row column_structure=&#8221;1_3,1_3,1_3&#8243; disabled_on=&#8221;off|off|off&#8221; admin_label=&#8221;tavalehe-header-desktop&#8221; _builder_version=&#8221;4.19.1&#8243; _module_preset=&#8221;default&#8221; background_enable_color=&#8221;off&#8221; width=&#8221;100%&#8221; max_width=&#8221;100%&#8221; custom_margin=&#8221;0px||||false|false&#8221; custom_padding=&#8221;0px||0px||false|false&#8221; global_colors_info=&#8221;{}&#8221;][et_pb_column type=&#8221;1_3&#8243; _builder_version=&#8221;4.19.1&#8243; _module_preset=&#8221;default&#8221; global_colors_info=&#8221;{}&#8221;][et_pb_image src=&#8221;https:\/\/ch.ee\/wp-content\/uploads\/2022\/11\/logo_l-4.png&#8221; title_text=&#8221;logo_l-4&#8243; url=&#8221;\/&#8221; _builder_version=&#8221;4.19.1&#8243; _module_preset=&#8221;default&#8221; global_colors_info=&#8221;{}&#8221;][\/et_pb_image][\/et_pb_column][et_pb_column type=&#8221;1_3&#8243; _builder_version=&#8221;4.19.1&#8243; _module_preset=&#8221;default&#8221; global_colors_info=&#8221;{}&#8221;][et_pb_divider _builder_version=&#8221;4.19.1&#8243; _module_preset=&#8221;default&#8221; global_colors_info=&#8221;{}&#8221;][\/et_pb_divider][\/et_pb_column][et_pb_column type=&#8221;1_3&#8243; _builder_version=&#8221;4.19.1&#8243; _module_preset=&#8221;default&#8221; global_colors_info=&#8221;{}&#8221;][et_pb_menu _builder_version=&#8221;4.19.1&#8243; _module_preset=&#8221;default&#8221; background_color=&#8221;RGBA(255,255,255,0)&#8221; background_image=&#8221;https:\/\/ch.ee\/wp-content\/uploads\/2022\/11\/menu-bg.png&#8221; background_size=&#8221;stretch&#8221; background_position=&#8221;bottom_right&#8221; custom_margin=&#8221;20px||0px|0px|false|false&#8221; custom_padding=&#8221;50px|50px|50px|50px|false|false&#8221; global_colors_info=&#8221;{}&#8221;][\/et_pb_menu][\/et_pb_column][\/et_pb_row][et_pb_row _builder_version=&#8221;4.19.1&#8243; _module_preset=&#8221;default&#8221; width=&#8221;100%&#8221; max_width=&#8221;100%&#8221; custom_padding=&#8221;60px|||||&#8221; global_colors_info=&#8221;{}&#8221;][et_pb_column type=&#8221;4_4&#8243; _builder_version=&#8221;4.19.1&#8243; _module_preset=&#8221;default&#8221; global_colors_info=&#8221;{}&#8221;][et_pb_post_title meta=&#8221;off&#8221; featured_image=&#8221;off&#8221; text_color=&#8221;light&#8221; _builder_version=&#8221;4.19.1&#8243; _module_preset=&#8221;default&#8221; title_font=&#8221;Yantramanav|700||on|||||&#8221; title_font_size=&#8221;64px&#8221; title_letter_spacing=&#8221;1px&#8221; width=&#8221;80%&#8221; max_width=&#8221;80%&#8221; module_alignment=&#8221;center&#8221; hover_enabled=&#8221;0&#8243; global_colors_info=&#8221;{}&#8221; title_font_size_last_edited=&#8221;on|phone&#8221; title_font_size_phone=&#8221;32px&#8221; sticky_enabled=&#8221;0&#8243; title_font_size_tablet=&#8221;64px&#8221;][\/et_pb_post_title][\/et_pb_column][\/et_pb_row][\/et_pb_section][et_pb_section fb_built=&#8221;1&#8243; _builder_version=&#8221;4.19.1&#8243; _module_preset=&#8221;default&#8221; custom_padding=&#8221;0px|||||&#8221; global_colors_info=&#8221;{}&#8221;][et_pb_row custom_padding_last_edited=&#8221;on|desktop&#8221; _builder_version=&#8221;4.19.1&#8243; _module_preset=&#8221;default&#8221; custom_padding=&#8221;||||false|false&#8221; custom_padding_tablet=&#8221;||0px||false|false&#8221; custom_padding_phone=&#8221;||0px||false|false&#8221; global_colors_info=&#8221;{}&#8221;][et_pb_column type=&#8221;4_4&#8243; _builder_version=&#8221;4.19.1&#8243; _module_preset=&#8221;default&#8221; global_colors_info=&#8221;{}&#8221;][et_pb_menu menu_id=&#8221;11&#8243; active_link_color=&#8221;#175488&#8243; _builder_version=&#8221;4.19.1&#8243; _module_preset=&#8221;default&#8221; menu_font=&#8221;Yantramanav|700|||||||&#8221; menu_text_color=&#8221;#175488&#8243; menu_font_size=&#8221;16px&#8221; menu_letter_spacing=&#8221;1px&#8221; text_orientation=&#8221;center&#8221; custom_margin=&#8221;||11px|||&#8221; global_colors_info=&#8221;{}&#8221;][\/et_pb_menu][et_pb_divider color=&#8221;#175488&#8243; _builder_version=&#8221;4.19.1&#8243; _module_preset=&#8221;default&#8221; background_color=&#8221;RGBA(255,255,255,0)&#8221; height=&#8221;25px&#8221; custom_margin=&#8221;||6px|||&#8221; custom_padding=&#8221;||0px|||&#8221; global_colors_info=&#8221;{}&#8221;][\/et_pb_divider][et_pb_text _builder_version=&#8221;4.19.1&#8243; _module_preset=&#8221;default&#8221; link_font=&#8221;||||on||||&#8221; global_colors_info=&#8221;{}&#8221;]<center><iframe src=\"https:\/\/www.google.com\/maps\/embed?pb=!1m14!1m8!1m3!1d1435.3221883924823!2d24.81443019460991!3d59.41886195552312!3m2!1i1024!2i768!4f13.1!3m3!1m2!1s0x4692eb59afa5a535%3A0x3f3bf373852888d8!2sCargo%20Handling%20AS!5e0!3m2!1set!2see!4v1670238753611!5m2!1set!2see\" width=\"800\" height=\"600\" style=\"border:0;\" allowfullscreen=\"\" loading=\"lazy\" referrerpolicy=\"no-referrer-when-downgrade\"><\/iframe><\/center>[\/et_pb_text][\/et_pb_column][\/et_pb_row][\/et_pb_section][et_pb_section fb_built=&#8221;1&#8243; admin_label=&#8221;Footer&#8221; _builder_version=&#8221;4.19.1&#8243; _module_preset=&#8221;default&#8221; background_color=&#8221;#175488&#8243; global_module=&#8221;211&#8243; saved_tabs=&#8221;all&#8221; locked=&#8221;off&#8221; collapsed=&#8221;off&#8221; global_colors_info=&#8221;{}&#8221;][et_pb_row column_structure=&#8221;1_4,1_4,1_4,1_4&#8243; _builder_version=&#8221;4.19.1&#8243; _module_preset=&#8221;default&#8221; custom_padding=&#8221;0px|||||&#8221; locked=&#8221;off&#8221; global_colors_info=&#8221;{}&#8221;][et_pb_column type=&#8221;1_4&#8243; _builder_version=&#8221;4.19.1&#8243; _module_preset=&#8221;default&#8221; global_colors_info=&#8221;{}&#8221;][et_pb_text admin_label=&#8221;Ettev\u00f5ttest&#8221; module_class=&#8221;jaluse-pealkiri&#8221; _builder_version=&#8221;4.19.1&#8243; _module_preset=&#8221;default&#8221; text_font=&#8221;Yantramanav|700|||||||&#8221; text_text_color=&#8221;#FFFFFF&#8221; text_font_size=&#8221;24px&#8221; text_letter_spacing=&#8221;1px&#8221; global_colors_info=&#8221;{}&#8221;]<\/p>\n<p>ABOUT CH<\/p>\n<p>[\/et_pb_text][et_pb_text _builder_version=&#8221;4.19.1&#8243; _module_preset=&#8221;default&#8221; text_font=&#8221;Public Sans||||||||&#8221; text_text_color=&#8221;#FFFFFF&#8221; text_line_height=&#8221;1.8em&#8221; custom_margin=&#8221;-8px||||false|false&#8221; custom_padding=&#8221;0px||||false|false&#8221; global_colors_info=&#8221;{}&#8221;]<\/p>\n<p><span>AS Cargo Handling tegevuse eesm\u00e4rk on pakkuda rahvusvahelistele lennu- ja autovedajatele, ekspedeerimisettev\u00f5tetele ning rahvusvahelise kaubandusega tegelevatele ettev\u00f5tetele kvaliteetset kaupade k\u00e4sitlemise ja ladustamise teenust koos tolliterminali ja tollilao poolt pakutavate v\u00f5imalustega.<\/span><\/p>\n<p>[\/et_pb_text][\/et_pb_column][et_pb_column type=&#8221;1_4&#8243; _builder_version=&#8221;4.19.1&#8243; _module_preset=&#8221;default&#8221; global_colors_info=&#8221;{}&#8221;][et_pb_text admin_label=&#8221;Kasulikud lingid&#8221; module_class=&#8221;jaluse-pealkiri&#8221; _builder_version=&#8221;4.19.1&#8243; _module_preset=&#8221;default&#8221; text_font=&#8221;Yantramanav|700|||||||&#8221; text_text_color=&#8221;#FFFFFF&#8221; text_font_size=&#8221;24px&#8221; text_letter_spacing=&#8221;1px&#8221; global_colors_info=&#8221;{}&#8221;]<\/p>\n<p>USEFUL LINKS<\/p>\n<p>[\/et_pb_text][et_pb_text _builder_version=&#8221;4.19.1&#8243; _module_preset=&#8221;default&#8221; text_font=&#8221;Public Sans||||||||&#8221; text_text_color=&#8221;#FFFFFF&#8221; text_line_height=&#8221;1em&#8221; link_font=&#8221;Public Sans||||||||&#8221; link_text_color=&#8221;#FFFFFF&#8221; custom_margin=&#8221;20px|||||&#8221; global_colors_info=&#8221;{}&#8221;]<\/p>\n<p><a href=\"https:\/\/ch.ee\/en\/teenused\/\"><span>Services<\/span><\/a><\/p>\n<p><a href=\"https:\/\/ch.ee\/en\/firmast\/\"><span>About us<\/span><\/a><\/p>\n<p><a href=\"\/en\/abiinfo\/\"><span>Abiinfo<\/span><\/a><\/p>\n<p><a href=\"https:\/\/ch.ee\/en\/tagasiside\/\"><span>Feedback<\/span><\/a><\/p>\n<p><a href=\"https:\/\/ch.ee\/en\/kontakt\/\"><span>Contact<\/span><\/a><\/p>\n<p>[\/et_pb_text][\/et_pb_column][et_pb_column type=&#8221;1_4&#8243; _builder_version=&#8221;4.19.1&#8243; _module_preset=&#8221;default&#8221; global_colors_info=&#8221;{}&#8221;][et_pb_text admin_label=&#8221;Meie teenused&#8221; module_class=&#8221;jaluse-pealkiri&#8221; _builder_version=&#8221;4.19.1&#8243; _module_preset=&#8221;default&#8221; text_font=&#8221;Yantramanav|700|||||||&#8221; text_text_color=&#8221;#FFFFFF&#8221; text_font_size=&#8221;24px&#8221; text_letter_spacing=&#8221;1px&#8221; global_colors_info=&#8221;{}&#8221;]<\/p>\n<p>OUR SERVICES<\/p>\n<p>[\/et_pb_text][et_pb_text _builder_version=&#8221;4.19.1&#8243; _module_preset=&#8221;default&#8221; text_font=&#8221;Public Sans||||||||&#8221; text_text_color=&#8221;#FFFFFF&#8221; text_line_height=&#8221;1em&#8221; link_font=&#8221;Public Sans||||||||&#8221; link_text_color=&#8221;#FFFFFF&#8221; global_colors_info=&#8221;{}&#8221;]<a href=\"https:\/\/ch.ee\/en\/tolliterminaliteenused\/\"><span>Customs Terminal Services<\/span><\/a><\/p>\n<p><a href=\"https:\/\/ch.ee\/en\/tollilaoteenused\/\"><span>Customs Warehouse Services<\/span><\/a><\/p>\n<p><a href=\"https:\/\/ch.ee\/en\/aktsiisilaoteenused\/\"><span>Excise Warehouse Services<\/span><\/a><\/p>\n<p><a href=\"\/en\/lennuvaljateenused\/\"><span>Lennuv\u00e4ljateenused<\/span><\/a><\/p>\n<p><a href=\"\/en\/pakkumine\/\"><span>K\u00fcsi pakkumist<\/span><\/a><\/p>\n<p><a href=\"https:\/\/ch.ee\/en\/saadetise-jalgimine\/\"><span>Track the shipment<\/span><\/a>[\/et_pb_text][\/et_pb_column][et_pb_column type=&#8221;1_4&#8243; _builder_version=&#8221;4.19.1&#8243; _module_preset=&#8221;default&#8221; global_colors_info=&#8221;{}&#8221;][et_pb_text admin_label=&#8221;Kontaktid&#8221; module_class=&#8221;jaluse-pealkiri&#8221; _builder_version=&#8221;4.19.1&#8243; _module_preset=&#8221;default&#8221; text_font=&#8221;Yantramanav|700|||||||&#8221; text_text_color=&#8221;#FFFFFF&#8221; text_font_size=&#8221;24px&#8221; text_letter_spacing=&#8221;1px&#8221; global_colors_info=&#8221;{}&#8221;]<\/p>\n<p>KONTAKTID<\/p>\n<p>[\/et_pb_text][et_pb_text _builder_version=&#8221;4.19.1&#8243; _module_preset=&#8221;default&#8221; text_font=&#8221;Public Sans||||||||&#8221; text_text_color=&#8221;#FFFFFF&#8221; link_font=&#8221;Public Sans||||||||&#8221; link_text_color=&#8221;#FFFFFF&#8221; background_layout=&#8221;dark&#8221; global_colors_info=&#8221;{}&#8221;]<\/p>\n<p>Tel: <a href=\"tel:6058644\">+372 60 58 644<\/a><\/p>\n<p>Faks: +372 60 58 647<\/p>\n<p>E-mail: <a href=\"mailto:ladu@ch.ee\">ladu@ch.ee<\/a><\/p>\n<p>Aadress: Kesk-S\u00f5jam\u00e4e 10A, 11415 Tallinn<\/p>\n<p>[\/et_pb_text][\/et_pb_column][\/et_pb_row][\/et_pb_section]<\/p>","protected":false},"excerpt":{"rendered":"<p>ETTEV\u00d5TTESTAS Cargo Handling tegevuse eesm\u00e4rk on pakkuda rahvusvahelistele lennu- ja autovedajatele, ekspedeerimisettev\u00f5tetele ning rahvusvahelise kaubandusega tegelevatele ettev\u00f5tetele kvaliteetset kaupade k\u00e4sitlemise ja ladustamise teenust koos tolliterminali ja tollilao poolt pakutavate v\u00f5imalustega.KASULIKUD LINGIDTeenused Firmast Abiinfo Tagasiside KontaktMEIE TEENUSEDTolliterminaliteenused Tollilaoteenused Aktsiisilaoteenused Lennuv\u00e4ljateenused K\u00fcsi pakkumist Saadetise j\u00e4lgimineKONTAKTIDTel: +372 60 58 644 Faks: +372 60 58 647 E-mail: ladu@ch.ee Aadress: [&hellip;]<\/p>","protected":false},"author":1,"featured_media":0,"parent":0,"menu_order":0,"comment_status":"closed","ping_status":"closed","template":"page-template-blank.php","meta":{"_et_pb_use_builder":"on","_et_pb_old_content":"","_et_gb_content_width":"","footnotes":""},"class_list":["post-251","page","type-page","status-publish","hentry"],"_links":{"self":[{"href":"https:\/\/ch.ee\/en\/wp-json\/wp\/v2\/pages\/251","targetHints":{"allow":["GET"]}}],"collection":[{"href":"https:\/\/ch.ee\/en\/wp-json\/wp\/v2\/pages"}],"about":[{"href":"https:\/\/ch.ee\/en\/wp-json\/wp\/v2\/types\/page"}],"author":[{"embeddable":true,"href":"https:\/\/ch.ee\/en\/wp-json\/wp\/v2\/users\/1"}],"replies":[{"embeddable":true,"href":"https:\/\/ch.ee\/en\/wp-json\/wp\/v2\/comments?post=251"}],"version-history":[{"count":4,"href":"https:\/\/ch.ee\/en\/wp-json\/wp\/v2\/pages\/251\/revisions"}],"predecessor-version":[{"id":263,"href":"https:\/\/ch.ee\/en\/wp-json\/wp\/v2\/pages\/251\/revisions\/263"}],"wp:attachment":[{"href":"https:\/\/ch.ee\/en\/wp-json\/wp\/v2\/media?parent=251"}],"curies":[{"name":"wp","href":"https:\/\/api.w.org\/{rel}","templated":true}]}}