{"id":6,"date":"2022-11-25T11:02:00","date_gmt":"2022-11-25T11:02:00","guid":{"rendered":"https:\/\/ch.ee\/?page_id=6"},"modified":"2024-01-13T13:14:29","modified_gmt":"2024-01-13T13:14:29","slug":"esileht","status":"publish","type":"page","link":"https:\/\/ch.ee\/en\/","title":{"rendered":"Homepage"},"content":{"rendered":"<p>[et_pb_section fb_built=&#8221;1&#8243; disabled_on=&#8221;on|on|off&#8221; admin_label=&#8221;Desktop&#8221; module_class=&#8221;desktop-header&#8221; _builder_version=&#8221;4.19.1&#8243; _module_preset=&#8221;default&#8221; background_enable_color=&#8221;off&#8221; background_image=&#8221;https:\/\/ch.ee\/wp-content\/uploads\/2022\/11\/test_pic_4.png&#8221; background_position=&#8221;center_right&#8221; background_horizontal_offset=&#8221;13%&#8221; module_alignment=&#8221;center&#8221; min_height=&#8221;100vh&#8221; height=&#8221;100vh&#8221; max_height=&#8221;100vh&#8221; max_height_last_edited=&#8221;off|desktop&#8221; custom_margin=&#8221;0px||0px||false|false&#8221; custom_padding=&#8221;0px||0px||false|false&#8221; global_colors_info=&#8221;{}&#8221; max_height__hover_enabled=&#8221;off|desktop&#8221;][et_pb_row column_structure=&#8221;1_2,1_2&#8243; use_custom_gutter=&#8221;on&#8221; gutter_width=&#8221;4&#8243; disabled_on=&#8221;on|on|off&#8221; admin_label=&#8221;esilehe-header-desktop&#8221; _builder_version=&#8221;4.20.4&#8243; _module_preset=&#8221;default&#8221; width=&#8221;100%&#8221; max_width=&#8221;100%&#8221; custom_margin=&#8221;0px||||false|false&#8221; custom_padding=&#8221;0px||0px||false|false&#8221; global_module=&#8221;142&#8243; saved_tabs=&#8221;all&#8221; global_colors_info=&#8221;{}&#8221;][et_pb_column type=&#8221;1_2&#8243; _builder_version=&#8221;4.19.1&#8243; _module_preset=&#8221;default&#8221; global_colors_info=&#8221;{}&#8221;][et_pb_image src=&#8221;https:\/\/ch.ee\/wp-content\/uploads\/2023\/05\/logo_l-7.png&#8221; title_text=&#8221;logo_l-7&#8243; url=&#8221;\/&#8221; _builder_version=&#8221;4.20.4&#8243; _module_preset=&#8221;default&#8221; global_colors_info=&#8221;{}&#8221;][\/et_pb_image][\/et_pb_column][et_pb_column type=&#8221;1_2&#8243; _builder_version=&#8221;4.19.1&#8243; _module_preset=&#8221;default&#8221; global_colors_info=&#8221;{}&#8221;][et_pb_menu _builder_version=&#8221;4.20.4&#8243; _module_preset=&#8221;default&#8221; background_color=&#8221;RGBA(255,255,255,0)&#8221; background_image=&#8221;https:\/\/ch.ee\/wp-content\/uploads\/2022\/11\/menu-bg.png&#8221; background_size=&#8221;stretch&#8221; background_position=&#8221;bottom_right&#8221; module_alignment=&#8221;right&#8221; custom_margin=&#8221;20px||0px|0px|false|false&#8221; custom_padding=&#8221;50px|40px|50px|40px|false|true&#8221; global_colors_info=&#8221;{}&#8221;][\/et_pb_menu][et_pb_text admin_label=&#8221;pealkiri&#8221; module_class=&#8221;esilehe-headline&#8221; _builder_version=&#8221;4.20.4&#8243; _module_preset=&#8221;default&#8221; text_font=&#8221;Yantramanav|900|||||||&#8221; text_text_color=&#8221;#175488&#8243; text_font_size=&#8221;42px&#8221; text_letter_spacing=&#8221;1px&#8221; custom_margin=&#8221;80px||35px||false|false&#8221; hover_enabled=&#8221;0&#8243; global_colors_info=&#8221;{}&#8221; sticky_enabled=&#8221;0&#8243;]<\/p>\n<p>CARGO HANDLING AS<\/p>\n<p>[\/et_pb_text][et_pb_text admin_label=&#8221;kirjeldus&#8221; module_class=&#8221;esilehe-kirjeldus&#8221; _builder_version=&#8221;4.20.4&#8243; _module_preset=&#8221;default&#8221; text_font=&#8221;Public Sans|700|||||||&#8221; text_text_color=&#8221;#175488&#8243; text_font_size=&#8221;18px&#8221; text_letter_spacing=&#8221;1px&#8221; text_line_height=&#8221;1.8em&#8221; max_width=&#8221;800px&#8221; custom_margin=&#8221;||40px|||&#8221; custom_padding=&#8221;|173px||||&#8221; global_colors_info=&#8221;{}&#8221;]<\/p>\n<p style=\"text-align: left;\">Cargo Handling AS offers goods handling and storage services to international air and truck carriers, forwarding companies and companies engaged in international trade. In addition, it is possible to use customs and excise warehouse services.<\/p>\n<p>[\/et_pb_text][et_pb_text admin_label=&#8221;Nupud&#8221; _builder_version=&#8221;4.19.1&#8243; _module_preset=&#8221;default&#8221; global_colors_info=&#8221;{}&#8221;]<\/p>\n<div class=\"esilehe-nupud\" style=\"width: 100%; display: flex; gap: 10px;\">\n<div class=\"esinupp-teenused\"><a class=\"et_pb_button et_pb_button_0c et_pb_bg_layout_light\" href=\"https:\/\/ch.ee\/en\/teenused\/\">Our sevices<\/a><\/div>\n<div class=\"esinupp-kontakt\"><a class=\"et_pb_button et_pb_button_1c et_pb_bg_layout_light\" href=\"https:\/\/ch.ee\/en\/kontakt\/\">Contact<\/a><\/div>\n<\/div>\n<p>[\/et_pb_text][\/et_pb_column][\/et_pb_row][et_pb_row column_structure=&#8221;1_2,1_2&#8243; use_custom_gutter=&#8221;on&#8221; gutter_width=&#8221;4&#8243; module_class=&#8221;esilehe-cta&#8221; _builder_version=&#8221;4.19.1&#8243; _module_preset=&#8221;default&#8221; width=&#8221;100%&#8221; max_width=&#8221;90%&#8221; module_alignment=&#8221;center&#8221; custom_margin=&#8221;-25px||||false|false&#8221; global_colors_info=&#8221;{}&#8221;][et_pb_column type=&#8221;1_2&#8243; _builder_version=&#8221;4.19.1&#8243; _module_preset=&#8221;default&#8221; global_colors_info=&#8221;{}&#8221;][\/et_pb_column][et_pb_column type=&#8221;1_2&#8243; module_class=&#8221;kirjelduse-tulp&#8221; _builder_version=&#8221;4.19.1&#8243; _module_preset=&#8221;default&#8221; global_colors_info=&#8221;{}&#8221;][\/et_pb_column][\/et_pb_row][\/et_pb_section][et_pb_section fb_built=&#8221;1&#8243; disabled_on=&#8221;off|off|on&#8221; admin_label=&#8221;tablet + mobiil&#8221; module_class=&#8221;desktop-header&#8221; _builder_version=&#8221;4.19.1&#8243; _module_preset=&#8221;default&#8221; background_enable_color=&#8221;off&#8221; background_image=&#8221;https:\/\/ch.ee\/wp-content\/uploads\/2022\/11\/test_pic_4.png&#8221; background_position=&#8221;center_right&#8221; background_horizontal_offset=&#8221;13%&#8221; max_width_tablet=&#8221;&#8221; max_width_phone=&#8221;100%&#8221; max_width_last_edited=&#8221;on|tablet&#8221; module_alignment=&#8221;center&#8221; min_height=&#8221;130vh&#8221; height=&#8221;130vh&#8221; max_height=&#8221;130vh&#8221; max_height_last_edited=&#8221;off|desktop&#8221; custom_margin=&#8221;0px||0px||false|false&#8221; custom_padding=&#8221;0px||3px||false|false&#8221; background_last_edited=&#8221;on|phone&#8221; parallax_phone=&#8221;off&#8221; background_position_phone=&#8221;top_right&#8221; background_horizontal_offset_phone=&#8221;28%&#8221; background_vertical_offset_phone=&#8221;-40%&#8221; global_colors_info=&#8221;{}&#8221; max_height__hover_enabled=&#8221;off|desktop&#8221;][et_pb_row column_structure=&#8221;1_3,1_3,1_3&#8243; use_custom_gutter=&#8221;on&#8221; gutter_width=&#8221;1&#8243; disabled_on=&#8221;off|off|off&#8221; admin_label=&#8221;esilehe-header-mobiil&#8221; _builder_version=&#8221;4.19.1&#8243; _module_preset=&#8221;default&#8221; width=&#8221;100%&#8221; max_width=&#8221;100%&#8221; custom_margin=&#8221;0px||||false|false&#8221; custom_padding=&#8221;0px||0px||false|false&#8221; global_module=&#8221;145&#8243; saved_tabs=&#8221;all&#8221; global_colors_info=&#8221;{}&#8221;][et_pb_column type=&#8221;1_3&#8243; _builder_version=&#8221;4.19.1&#8243; _module_preset=&#8221;default&#8221; global_colors_info=&#8221;{}&#8221;][et_pb_image src=&#8221;https:\/\/ch.ee\/wp-content\/uploads\/2023\/05\/Chlogo-300&#215;166.gif&#8221; title_text=&#8221;Chlogo&#8221; url=&#8221;\/&#8221; align=&#8221;center&#8221; _builder_version=&#8221;4.20.4&#8243; _module_preset=&#8221;default&#8221; max_width=&#8221;120px&#8221; custom_margin=&#8221;10px||-4px||false|false&#8221; custom_padding=&#8221;16px||10px||false|false&#8221; global_colors_info=&#8221;{}&#8221;][\/et_pb_image][\/et_pb_column][et_pb_column type=&#8221;1_3&#8243; _builder_version=&#8221;4.19.1&#8243; _module_preset=&#8221;default&#8221; global_colors_info=&#8221;{}&#8221;][\/et_pb_column][et_pb_column type=&#8221;1_3&#8243; _builder_version=&#8221;4.19.1&#8243; _module_preset=&#8221;default&#8221; global_colors_info=&#8221;{}&#8221;][et_pb_menu _builder_version=&#8221;4.19.1&#8243; _module_preset=&#8221;default&#8221; background_color=&#8221;RGBA(255,255,255,0)&#8221; background_image=&#8221;https:\/\/ch.ee\/wp-content\/uploads\/2022\/11\/menu-bg.png&#8221; background_size=&#8221;stretch&#8221; background_position=&#8221;bottom_right&#8221; custom_margin=&#8221;1px||0px|0px|false|false&#8221; custom_padding=&#8221;15px|50px|8px|50px|false|false&#8221; global_colors_info=&#8221;{}&#8221;][\/et_pb_menu][\/et_pb_column][\/et_pb_row][et_pb_row column_structure=&#8221;1_2,1_2&#8243; use_custom_gutter=&#8221;on&#8221; gutter_width=&#8221;4&#8243; module_class=&#8221;esilehe-cta&#8221; _builder_version=&#8221;4.19.1&#8243; _module_preset=&#8221;default&#8221; width=&#8221;100%&#8221; max_width=&#8221;90%&#8221; module_alignment=&#8221;center&#8221; custom_margin=&#8221;-25px||||false|false&#8221; custom_padding=&#8221;9px||9px|||&#8221; global_colors_info=&#8221;{}&#8221;][et_pb_column type=&#8221;1_2&#8243; _builder_version=&#8221;4.19.1&#8243; _module_preset=&#8221;default&#8221; global_colors_info=&#8221;{}&#8221;][\/et_pb_column][et_pb_column type=&#8221;1_2&#8243; module_class=&#8221;kirjelduse-tulp&#8221; _builder_version=&#8221;4.19.1&#8243; _module_preset=&#8221;default&#8221; global_colors_info=&#8221;{}&#8221;][et_pb_text admin_label=&#8221;pealkiri&#8221; module_class=&#8221;esilehe-headline&#8221; _builder_version=&#8221;4.20.4&#8243; _module_preset=&#8221;default&#8221; text_font=&#8221;Yantramanav|900|||||||&#8221; text_text_color=&#8221;#175488&#8243; text_font_size=&#8221;42px&#8221; text_letter_spacing=&#8221;1px&#8221; custom_margin=&#8221;80px||35px||false|false&#8221; text_line_height_tablet=&#8221;1.7em&#8221; text_line_height_phone=&#8221;1.2em&#8221; text_line_height_last_edited=&#8221;on|phone&#8221; global_colors_info=&#8221;{}&#8221;]<\/p>\n<p>CARGO HANDLING AS<\/p>\n<p>[\/et_pb_text][et_pb_text admin_label=&#8221;kirjeldus&#8221; module_class=&#8221;esilehe-kirjeldus&#8221; _builder_version=&#8221;4.20.4&#8243; _module_preset=&#8221;default&#8221; text_font=&#8221;Public Sans|700|||||||&#8221; text_text_color=&#8221;#175488&#8243; text_font_size=&#8221;18px&#8221; text_letter_spacing=&#8221;1px&#8221; text_line_height=&#8221;1.8em&#8221; max_width=&#8221;800px&#8221; custom_margin=&#8221;||21px|||&#8221; global_colors_info=&#8221;{}&#8221;]<\/p>\n<p style=\"text-align: left;\">Cargo Handling AS offers goods handling and storage services to international air and truck carriers, forwarding companies and companies engaged in international trade. In addition, it is possible to use customs and excise warehouse services.<\/p>\n<p>[\/et_pb_text][et_pb_text admin_label=&#8221;Nupud&#8221; _builder_version=&#8221;4.19.1&#8243; _module_preset=&#8221;default&#8221; custom_margin=&#8221;34px||50px|||&#8221; global_colors_info=&#8221;{}&#8221;]<\/p>\n<div class=\"esilehe-nupud\" style=\"width: 100%; display: flex; gap: 10px;\">\n<div class=\"esinupp-teenused\"><a class=\"et_pb_button et_pb_button_0c et_pb_bg_layout_light\" href=\"https:\/\/ch.ee\/en\/teenused\/\">Our sevices<\/a><\/div>\n<div class=\"esinupp-kontakt\"><a class=\"et_pb_button et_pb_button_1c et_pb_bg_layout_light\" href=\"https:\/\/ch.ee\/en\/kontakt\/\">Contact<\/a><\/div>\n<\/div>\n<p>[\/et_pb_text][\/et_pb_column][\/et_pb_row][\/et_pb_section][et_pb_section fb_built=&#8221;1&#8243; admin_label=&#8221;Footer&#8221; _builder_version=&#8221;4.19.1&#8243; _module_preset=&#8221;default&#8221; background_color=&#8221;#175488&#8243; global_module=&#8221;211&#8243; saved_tabs=&#8221;all&#8221; locked=&#8221;off&#8221; collapsed=&#8221;off&#8221; global_colors_info=&#8221;{}&#8221;][et_pb_row column_structure=&#8221;1_3,1_3,1_3&#8243; _builder_version=&#8221;4.19.1&#8243; _module_preset=&#8221;default&#8221; custom_padding=&#8221;0px|||||&#8221; locked=&#8221;off&#8221; global_colors_info=&#8221;{}&#8221;][et_pb_column type=&#8221;1_3&#8243; _builder_version=&#8221;4.19.1&#8243; _module_preset=&#8221;default&#8221; global_colors_info=&#8221;{}&#8221;][et_pb_text admin_label=&#8221;Ettev\u00f5ttest&#8221; module_class=&#8221;jaluse-pealkiri&#8221; _builder_version=&#8221;4.19.1&#8243; _module_preset=&#8221;default&#8221; text_font=&#8221;Yantramanav|700|||||||&#8221; text_text_color=&#8221;#FFFFFF&#8221; text_font_size=&#8221;24px&#8221; text_letter_spacing=&#8221;1px&#8221; global_colors_info=&#8221;{}&#8221;]<\/p>\n<p>ABOUT CH<\/p>\n<p>[\/et_pb_text][et_pb_text _builder_version=&#8221;4.20.4&#8243; _module_preset=&#8221;default&#8221; text_font=&#8221;Public Sans||||||||&#8221; text_text_color=&#8221;#FFFFFF&#8221; text_line_height=&#8221;1em&#8221; link_font=&#8221;Public Sans||||||||&#8221; link_text_color=&#8221;#FFFFFF&#8221; custom_margin=&#8221;20px|||||&#8221; global_colors_info=&#8221;{}&#8221;]<a href=\"https:\/\/ch.ee\/en\/firmast\/\"><span>About us<\/span><\/a><\/p>\n<p><a href=\"https:\/\/ch.ee\/en\/kontakt\/\"><span>Contact<\/span><\/a>[\/et_pb_text][\/et_pb_column][et_pb_column type=&#8221;1_3&#8243; _builder_version=&#8221;4.19.1&#8243; _module_preset=&#8221;default&#8221; global_colors_info=&#8221;{}&#8221;][et_pb_text admin_label=&#8221;Meie teenused&#8221; module_class=&#8221;jaluse-pealkiri&#8221; _builder_version=&#8221;4.19.1&#8243; _module_preset=&#8221;default&#8221; text_font=&#8221;Yantramanav|700|||||||&#8221; text_text_color=&#8221;#FFFFFF&#8221; text_font_size=&#8221;24px&#8221; text_letter_spacing=&#8221;1px&#8221; global_colors_info=&#8221;{}&#8221;]<\/p>\n<p>OUR SERVICES<\/p>\n<p>[\/et_pb_text][et_pb_text _builder_version=&#8221;4.20.4&#8243; _module_preset=&#8221;default&#8221; text_font=&#8221;Public Sans||||||||&#8221; text_text_color=&#8221;#FFFFFF&#8221; text_line_height=&#8221;1em&#8221; link_font=&#8221;Public Sans||||||||&#8221; link_text_color=&#8221;#FFFFFF&#8221; global_colors_info=&#8221;{}&#8221;]<\/p>\n<p><a href=\"https:\/\/ch.ee\/en\/tolliterminaliteenused\/\"><span>Customs Terminal Services<\/span><\/a><\/p>\n<p><a href=\"https:\/\/ch.ee\/en\/tollilaoteenused\/\"><span>Customs Warehouse Services<\/span><\/a><\/p>\n<p><a href=\"https:\/\/ch.ee\/en\/aktsiisilaoteenused\/\"><span>Excise Warehouse Services<\/span><\/a><\/p>\n<p>&nbsp;<\/p>\n<p>[\/et_pb_text][\/et_pb_column][et_pb_column type=&#8221;1_3&#8243; _builder_version=&#8221;4.19.1&#8243; _module_preset=&#8221;default&#8221; global_colors_info=&#8221;{}&#8221;][et_pb_text admin_label=&#8221;Kasulikud lingid&#8221; module_class=&#8221;jaluse-pealkiri&#8221; _builder_version=&#8221;4.19.1&#8243; _module_preset=&#8221;default&#8221; text_font=&#8221;Yantramanav|700|||||||&#8221; text_text_color=&#8221;#FFFFFF&#8221; text_font_size=&#8221;24px&#8221; text_letter_spacing=&#8221;1px&#8221; global_colors_info=&#8221;{}&#8221;]<\/p>\n<p>USEFUL LINKS<\/p>\n<p>[\/et_pb_text][et_pb_text _builder_version=&#8221;4.20.4&#8243; _module_preset=&#8221;default&#8221; text_font=&#8221;Public Sans||||||||&#8221; text_text_color=&#8221;#FFFFFF&#8221; text_line_height=&#8221;1em&#8221; link_font=&#8221;Public Sans||||||||&#8221; link_text_color=&#8221;#FFFFFF&#8221; custom_margin=&#8221;20px|||||&#8221; global_colors_info=&#8221;{}&#8221;]<\/p>\n<p><a href=\"https:\/\/ch.ee\/en\/teenused\/\"><span>Services<\/span><\/a><\/p>\n<p><a href=\"https:\/\/ch.ee\/en\/tagasiside\/\"><span>Feedback<\/span><\/a><\/p>\n<p><a href=\"https:\/\/ch.ee\/en\/saadetise-jalgimine\/\"><span>Track the shipment<\/span><\/a><\/p>\n<p>[\/et_pb_text][\/et_pb_column][\/et_pb_row][\/et_pb_section]<\/p>","protected":false},"excerpt":{"rendered":"<p>CARGO HANDLING ASCargo Handling AS pakub kaupade k\u00e4itlemise ja ladustamise teenust rahvusvahelistele lennu- ja autovedajatele, ekspedeerimisettev\u00f5tetele ning rahvusvahelise kaubandusega tegelevatele ettev\u00f5tetele. Lisaks sellele on v\u00f5imalus kasutada ka tollil- ja aktsiisilaoteenuseid. Meie teenused Kontakt CARGO HANDLING ASCargo Handling AS pakub kaupade k\u00e4itlemise ja ladustamise teenust rahvusvahelistele lennu- ja autovedajatele, ekspedeerimisettev\u00f5tetele ning rahvusvahelise kaubandusega tegelevatele ettev\u00f5tetele. Lisaks [&hellip;]<\/p>","protected":false},"author":1,"featured_media":0,"parent":0,"menu_order":0,"comment_status":"closed","ping_status":"closed","template":"page-template-blank.php","meta":{"_et_pb_use_builder":"on","_et_pb_old_content":"<!-- wp:divi\/placeholder \/-->","_et_gb_content_width":"","footnotes":""},"class_list":["post-6","page","type-page","status-publish","hentry"],"_links":{"self":[{"href":"https:\/\/ch.ee\/en\/wp-json\/wp\/v2\/pages\/6","targetHints":{"allow":["GET"]}}],"collection":[{"href":"https:\/\/ch.ee\/en\/wp-json\/wp\/v2\/pages"}],"about":[{"href":"https:\/\/ch.ee\/en\/wp-json\/wp\/v2\/types\/page"}],"author":[{"embeddable":true,"href":"https:\/\/ch.ee\/en\/wp-json\/wp\/v2\/users\/1"}],"replies":[{"embeddable":true,"href":"https:\/\/ch.ee\/en\/wp-json\/wp\/v2\/comments?post=6"}],"version-history":[{"count":82,"href":"https:\/\/ch.ee\/en\/wp-json\/wp\/v2\/pages\/6\/revisions"}],"predecessor-version":[{"id":433,"href":"https:\/\/ch.ee\/en\/wp-json\/wp\/v2\/pages\/6\/revisions\/433"}],"wp:attachment":[{"href":"https:\/\/ch.ee\/en\/wp-json\/wp\/v2\/media?parent=6"}],"curies":[{"name":"wp","href":"https:\/\/api.w.org\/{rel}","templated":true}]}}