{"id":81,"date":"2022-11-29T11:28:01","date_gmt":"2022-11-29T11:28:01","guid":{"rendered":"https:\/\/ch.ee\/?page_id=81"},"modified":"2024-01-05T15:02:37","modified_gmt":"2024-01-05T15:02:37","slug":"tagasiside","status":"publish","type":"page","link":"https:\/\/ch.ee\/en\/tagasiside\/","title":{"rendered":"Feedback"},"content":{"rendered":"<p>[et_pb_section fb_built=&#8221;1&#8243; disabled_on=&#8221;on|off|off&#8221; admin_label=&#8221;Desktop&#8221; module_class=&#8221;desktop-header&#8221; _builder_version=&#8221;4.20.4&#8243; _module_preset=&#8221;default&#8221; background_color=&#8221;#0C71C3&#8243; background_enable_color=&#8221;off&#8221; background_image=&#8221;https:\/\/ch.ee\/wp-content\/uploads\/2022\/11\/2.png&#8221; background_position=&#8221;bottom_center&#8221; background_vertical_offset=&#8221;26%&#8221; module_alignment=&#8221;center&#8221; min_height=&#8221;450px&#8221; height=&#8221;720px&#8221; max_height_last_edited=&#8221;off|desktop&#8221; custom_margin=&#8221;0px||0px||false|false&#8221; custom_padding=&#8221;0px||0px||false|false&#8221; global_module=&#8221;222&#8243; saved_tabs=&#8221;all&#8221; global_colors_info=&#8221;{}&#8221; max_height__hover_enabled=&#8221;off|desktop&#8221;][et_pb_row column_structure=&#8221;1_2,1_2&#8243; use_custom_gutter=&#8221;on&#8221; gutter_width=&#8221;4&#8243; disabled_on=&#8221;off|off|off&#8221; admin_label=&#8221;tavalehe-header-desktop&#8221; _builder_version=&#8221;4.20.4&#8243; _module_preset=&#8221;default&#8221; background_enable_color=&#8221;off&#8221; width=&#8221;100%&#8221; max_width=&#8221;100%&#8221; custom_margin=&#8221;0px||||false|false&#8221; custom_padding=&#8221;0px||0px||false|false&#8221; global_colors_info=&#8221;{}&#8221;][et_pb_column type=&#8221;1_2&#8243; _builder_version=&#8221;4.19.1&#8243; _module_preset=&#8221;default&#8221; global_colors_info=&#8221;{}&#8221;][et_pb_image src=&#8221;https:\/\/ch.ee\/wp-content\/uploads\/2023\/05\/logo_l-7.png&#8221; title_text=&#8221;logo_l-7&#8243; url=&#8221;\/&#8221; _builder_version=&#8221;4.20.4&#8243; _module_preset=&#8221;default&#8221; global_colors_info=&#8221;{}&#8221;][\/et_pb_image][\/et_pb_column][et_pb_column type=&#8221;1_2&#8243; _builder_version=&#8221;4.19.1&#8243; _module_preset=&#8221;default&#8221; global_colors_info=&#8221;{}&#8221;][et_pb_menu _builder_version=&#8221;4.19.1&#8243; _module_preset=&#8221;default&#8221; background_color=&#8221;RGBA(255,255,255,0)&#8221; background_image=&#8221;https:\/\/ch.ee\/wp-content\/uploads\/2022\/11\/menu-bg.png&#8221; background_size=&#8221;stretch&#8221; background_position=&#8221;bottom_right&#8221; custom_margin=&#8221;20px||0px|0px|false|false&#8221; custom_padding=&#8221;50px|50px|50px|50px|false|false&#8221; global_colors_info=&#8221;{}&#8221;][\/et_pb_menu][\/et_pb_column][\/et_pb_row][et_pb_row _builder_version=&#8221;4.19.1&#8243; _module_preset=&#8221;default&#8221; width=&#8221;100%&#8221; max_width=&#8221;100%&#8221; custom_padding=&#8221;0px||0px|||&#8221; global_colors_info=&#8221;{}&#8221;][et_pb_column type=&#8221;4_4&#8243; _builder_version=&#8221;4.19.1&#8243; _module_preset=&#8221;default&#8221; global_colors_info=&#8221;{}&#8221;][et_pb_post_title meta=&#8221;off&#8221; featured_image=&#8221;off&#8221; text_color=&#8221;light&#8221; _builder_version=&#8221;4.19.1&#8243; _module_preset=&#8221;default&#8221; title_font=&#8221;Yantramanav|700||on|||||&#8221; title_font_size=&#8221;64px&#8221; title_letter_spacing=&#8221;1px&#8221; width=&#8221;80%&#8221; max_width=&#8221;80%&#8221; module_alignment=&#8221;center&#8221; global_colors_info=&#8221;{}&#8221;][\/et_pb_post_title][\/et_pb_column][\/et_pb_row][\/et_pb_section][et_pb_section fb_built=&#8221;1&#8243; disabled_on=&#8221;off|on|on&#8221; admin_label=&#8221;Mobiil&#8221; module_class=&#8221;mobile-header-tavaleht&#8221; _builder_version=&#8221;4.19.1&#8243; _module_preset=&#8221;default&#8221; background_enable_color=&#8221;off&#8221; background_image=&#8221;https:\/\/ch.ee\/wp-content\/uploads\/2022\/11\/2.png&#8221; background_position=&#8221;bottom_right&#8221; background_horizontal_offset=&#8221;43%&#8221; background_vertical_offset=&#8221;26%&#8221; module_alignment=&#8221;center&#8221; min_height=&#8221;550px&#8221; height=&#8221;720px&#8221; max_height_last_edited=&#8221;off|desktop&#8221; custom_margin=&#8221;0px||0px||false|false&#8221; custom_padding=&#8221;0px||0px||false|false&#8221; global_module=&#8221;220&#8243; saved_tabs=&#8221;all&#8221; global_colors_info=&#8221;{}&#8221; max_height__hover_enabled=&#8221;off|desktop&#8221;][et_pb_row column_structure=&#8221;1_3,1_3,1_3&#8243; disabled_on=&#8221;off|off|off&#8221; admin_label=&#8221;tavalehe-header-desktop&#8221; _builder_version=&#8221;4.19.1&#8243; _module_preset=&#8221;default&#8221; background_enable_color=&#8221;off&#8221; width=&#8221;100%&#8221; max_width=&#8221;100%&#8221; custom_margin=&#8221;0px||||false|false&#8221; custom_padding=&#8221;0px||0px||false|false&#8221; global_colors_info=&#8221;{}&#8221;][et_pb_column type=&#8221;1_3&#8243; _builder_version=&#8221;4.19.1&#8243; _module_preset=&#8221;default&#8221; global_colors_info=&#8221;{}&#8221;][et_pb_image src=&#8221;https:\/\/ch.ee\/wp-content\/uploads\/2023\/05\/logo_l-7.png&#8221; title_text=&#8221;logo_l-7&#8243; url=&#8221;\/&#8221; _builder_version=&#8221;4.20.4&#8243; _module_preset=&#8221;default&#8221; global_colors_info=&#8221;{}&#8221;][\/et_pb_image][\/et_pb_column][et_pb_column type=&#8221;1_3&#8243; _builder_version=&#8221;4.19.1&#8243; _module_preset=&#8221;default&#8221; global_colors_info=&#8221;{}&#8221;][et_pb_divider _builder_version=&#8221;4.19.1&#8243; _module_preset=&#8221;default&#8221; global_colors_info=&#8221;{}&#8221;][\/et_pb_divider][\/et_pb_column][et_pb_column type=&#8221;1_3&#8243; _builder_version=&#8221;4.19.1&#8243; _module_preset=&#8221;default&#8221; global_colors_info=&#8221;{}&#8221;][et_pb_menu _builder_version=&#8221;4.19.1&#8243; _module_preset=&#8221;default&#8221; background_color=&#8221;RGBA(255,255,255,0)&#8221; background_image=&#8221;https:\/\/ch.ee\/wp-content\/uploads\/2022\/11\/menu-bg.png&#8221; background_size=&#8221;stretch&#8221; background_position=&#8221;bottom_right&#8221; custom_margin=&#8221;20px||0px|0px|false|false&#8221; custom_padding=&#8221;50px|50px|50px|50px|false|false&#8221; global_colors_info=&#8221;{}&#8221;][\/et_pb_menu][\/et_pb_column][\/et_pb_row][et_pb_row _builder_version=&#8221;4.19.1&#8243; _module_preset=&#8221;default&#8221; width=&#8221;100%&#8221; max_width=&#8221;100%&#8221; custom_padding=&#8221;60px|||||&#8221; global_colors_info=&#8221;{}&#8221;][et_pb_column type=&#8221;4_4&#8243; _builder_version=&#8221;4.19.1&#8243; _module_preset=&#8221;default&#8221; global_colors_info=&#8221;{}&#8221;][et_pb_post_title meta=&#8221;off&#8221; featured_image=&#8221;off&#8221; text_color=&#8221;light&#8221; _builder_version=&#8221;4.19.1&#8243; _module_preset=&#8221;default&#8221; title_font=&#8221;Yantramanav|700||on|||||&#8221; title_font_size=&#8221;64px&#8221; title_letter_spacing=&#8221;1px&#8221; width=&#8221;80%&#8221; max_width=&#8221;80%&#8221; module_alignment=&#8221;center&#8221; title_font_size_tablet=&#8221;&#8221; title_font_size_phone=&#8221;32px&#8221; title_font_size_last_edited=&#8221;on|phone&#8221; global_colors_info=&#8221;{}&#8221;][\/et_pb_post_title][\/et_pb_column][\/et_pb_row][\/et_pb_section][et_pb_section fb_built=&#8221;1&#8243; _builder_version=&#8221;4.19.1&#8243; _module_preset=&#8221;default&#8221; custom_padding=&#8221;0px|||||&#8221; global_colors_info=&#8221;{}&#8221;][et_pb_row custom_padding_last_edited=&#8221;on|desktop&#8221; _builder_version=&#8221;4.19.1&#8243; _module_preset=&#8221;default&#8221; custom_padding=&#8221;||||false|false&#8221; custom_padding_tablet=&#8221;||0px||false|false&#8221; custom_padding_phone=&#8221;||0px||false|false&#8221; global_colors_info=&#8221;{}&#8221;][et_pb_column type=&#8221;4_4&#8243; _builder_version=&#8221;4.19.1&#8243; _module_preset=&#8221;default&#8221; global_colors_info=&#8221;{}&#8221;][et_pb_text _builder_version=&#8221;4.20.4&#8243; _module_preset=&#8221;default&#8221; hover_enabled=&#8221;0&#8243; global_colors_info=&#8221;{}&#8221; sticky_enabled=&#8221;0&#8243;]<\/p>\n<p><b>For the information\/completion of the customer of Cargo Handling AS:<\/b><span><\/span><\/p>\n<p>We ask you to fill out the suggestions and complaints form if you are not satisfied or have suggestions regarding the services and\/or service culture of Cargo Handling AS.<\/p>\n<p>Fields marked with an asterisk are mandatory!<\/p>\n<p>The complaint\/proposal was submitted by<\/p>\n<p>[\/et_pb_text][et_pb_text _builder_version=&#8221;4.19.1&#8243; _module_preset=&#8221;default&#8221; global_colors_info=&#8221;{}&#8221;]\n<div class=\"wpcf7 no-js\" id=\"wpcf7-f284-o1\" lang=\"en-US\" dir=\"ltr\">\n<div class=\"screen-reader-response\"><p role=\"status\" aria-live=\"polite\" aria-atomic=\"true\"><\/p> <ul><\/ul><\/div>\n<form action=\"\/en\/wp-json\/wp\/v2\/pages\/81#wpcf7-f284-o1\" method=\"post\" class=\"wpcf7-form init\" aria-label=\"Contact form\" novalidate=\"novalidate\" data-status=\"init\" data-trp-original-action=\"\/en\/wp-json\/wp\/v2\/pages\/81#wpcf7-f284-o1\">\n<div style=\"display: none;\">\n<input type=\"hidden\" name=\"_wpcf7\" value=\"284\" \/>\n<input type=\"hidden\" name=\"_wpcf7_version\" value=\"5.8.6\" \/>\n<input type=\"hidden\" name=\"_wpcf7_locale\" value=\"en_US\" \/>\n<input type=\"hidden\" name=\"_wpcf7_unit_tag\" value=\"wpcf7-f284-o1\" \/>\n<input type=\"hidden\" name=\"_wpcf7_container_post\" value=\"0\" \/>\n<input type=\"hidden\" name=\"_wpcf7_posted_data_hash\" value=\"\" \/>\n<\/div>\n<p><label> Name <span style=\"color:red\">*<\/span><br \/>\n<span class=\"wpcf7-form-control-wrap\" data-name=\"your-name\"><input size=\"40\" class=\"wpcf7-form-control wpcf7-text wpcf7-validates-as-required\" aria-required=\"true\" aria-invalid=\"false\" value=\"\" type=\"text\" name=\"your-name\" \/><\/span> <\/label>\n<\/p>\n<p><label> Company<br \/>\n<span class=\"wpcf7-form-control-wrap\" data-name=\"firma\"><input size=\"40\" class=\"wpcf7-form-control wpcf7-text\" aria-invalid=\"false\" value=\"\" type=\"text\" name=\"firma\" \/><\/span> <\/label>\n<\/p>\n<p>Reason for complaint\/proposal\n<\/p>\n<p><label>Service culture of office workers<br \/>\n<span class=\"wpcf7-form-control-wrap\" data-name=\"kontori_teeninduskultuur\"><select class=\"wpcf7-form-control wpcf7-select\" aria-invalid=\"false\" name=\"kontori_teeninduskultuur\"><option value=\"Vali\">Vali<\/option><option value=\"Suhtlemine telefonis\">Suhtlemine telefonis<\/option><option value=\"Suhtlemine kontoris\">Suhtlemine kontoris<\/option><option value=\"Kliendi informeerimine\">Kliendi informeerimine<\/option><option value=\"Asjatundlikkus\">Asjatundlikkus<\/option><option value=\"Abivalmidus\">Abivalmidus<\/option><option value=\"Muu\">Muu<\/option><\/select><\/span> <\/label>\n<\/p>\n<p><label> Service culture of warehouse workers<br \/>\n<span class=\"wpcf7-form-control-wrap\" data-name=\"lao_teeninduskultuur\"><select class=\"wpcf7-form-control wpcf7-select\" aria-invalid=\"false\" name=\"lao_teeninduskultuur\"><option value=\"Vali\">Vali<\/option><option value=\"Suhtlemine telefonis\">Suhtlemine telefonis<\/option><option value=\"Suhtlemine laos\">Suhtlemine laos<\/option><option value=\"Asjatundlikkus\">Asjatundlikkus<\/option><option value=\"Abivalmidus\">Abivalmidus<\/option><option value=\"T\u00f6\u00f6 kiirus\">T\u00f6\u00f6 kiirus<\/option><option value=\"Muu\">Muu<\/option><\/select><\/span><\/label>\n<\/p>\n<p><label> Other<br \/>\n<span class=\"wpcf7-form-control-wrap\" data-name=\"muud\"><select class=\"wpcf7-form-control wpcf7-select\" aria-invalid=\"false\" name=\"muud\"><option value=\"Vali\">Vali<\/option><option value=\"Teenuse mittevastavus: arveldus\">Teenuse mittevastavus: arveldus<\/option><option value=\"Teenuse mittevastavus: aruandlus\">Teenuse mittevastavus: aruandlus<\/option><option value=\"Teenusele mittevastavus: info edastamine\">Teenusele mittevastavus: info edastamine<\/option><option value=\"Kauba mittevastavus: kahjustus\">Kauba mittevastavus: kahjustus<\/option><option value=\"Kauba mittevastavus: kaotsiminek\">Kauba mittevastavus: kaotsiminek<\/option><option value=\"Kauba mittevastavus: viivitus\">Kauba mittevastavus: viivitus<\/option><\/select><\/span><\/label>\n<\/p>\n<p><label> Other complaint\/suggestion<br \/>\n<span class=\"wpcf7-form-control-wrap\" data-name=\"muu-kaebus\"><textarea cols=\"40\" rows=\"10\" class=\"wpcf7-form-control wpcf7-textarea\" aria-invalid=\"false\" name=\"muu-kaebus\"><\/textarea><\/span> <\/label>\n<\/p>\n<p><label> Description of the complaint\/proposal<br \/>\n<span class=\"wpcf7-form-control-wrap\" data-name=\"kaebuse_kirjelduse\"><textarea cols=\"40\" rows=\"10\" class=\"wpcf7-form-control wpcf7-textarea\" aria-invalid=\"false\" name=\"kaebuse_kirjelduse\"><\/textarea><\/span> <\/label>\n<\/p>\n<p><input class=\"wpcf7-form-control wpcf7-submit has-spinner\" type=\"submit\" value=\"Send\" \/>\n<\/p><div class=\"wpcf7-response-output\" aria-hidden=\"true\"><\/div>\n<input type=\"hidden\" name=\"trp-form-language\" value=\"en\"\/><\/form>\n<\/div>\n[\/et_pb_text][\/et_pb_column][\/et_pb_row][\/et_pb_section][et_pb_section fb_built=&#8221;1&#8243; admin_label=&#8221;Footer&#8221; _builder_version=&#8221;4.19.1&#8243; _module_preset=&#8221;default&#8221; background_color=&#8221;#175488&#8243; global_module=&#8221;211&#8243; saved_tabs=&#8221;all&#8221; locked=&#8221;off&#8221; collapsed=&#8221;off&#8221; global_colors_info=&#8221;{}&#8221;][et_pb_row column_structure=&#8221;1_3,1_3,1_3&#8243; _builder_version=&#8221;4.19.1&#8243; _module_preset=&#8221;default&#8221; custom_padding=&#8221;0px|||||&#8221; locked=&#8221;off&#8221; global_colors_info=&#8221;{}&#8221;][et_pb_column type=&#8221;1_3&#8243; _builder_version=&#8221;4.19.1&#8243; _module_preset=&#8221;default&#8221; global_colors_info=&#8221;{}&#8221;][et_pb_text admin_label=&#8221;Ettev\u00f5ttest&#8221; module_class=&#8221;jaluse-pealkiri&#8221; _builder_version=&#8221;4.19.1&#8243; _module_preset=&#8221;default&#8221; text_font=&#8221;Yantramanav|700|||||||&#8221; text_text_color=&#8221;#FFFFFF&#8221; text_font_size=&#8221;24px&#8221; text_letter_spacing=&#8221;1px&#8221; global_colors_info=&#8221;{}&#8221;]<\/p>\n<p>ABOUT CH<\/p>\n<p>[\/et_pb_text][et_pb_text _builder_version=&#8221;4.20.4&#8243; _module_preset=&#8221;default&#8221; text_font=&#8221;Public Sans||||||||&#8221; text_text_color=&#8221;#FFFFFF&#8221; text_line_height=&#8221;1em&#8221; link_font=&#8221;Public Sans||||||||&#8221; link_text_color=&#8221;#FFFFFF&#8221; custom_margin=&#8221;20px|||||&#8221; global_colors_info=&#8221;{}&#8221;]<a href=\"https:\/\/ch.ee\/en\/firmast\/\"><span>About us<\/span><\/a><\/p>\n<p><a href=\"https:\/\/ch.ee\/en\/kontakt\/\"><span>Contact<\/span><\/a>[\/et_pb_text][\/et_pb_column][et_pb_column type=&#8221;1_3&#8243; _builder_version=&#8221;4.19.1&#8243; _module_preset=&#8221;default&#8221; global_colors_info=&#8221;{}&#8221;][et_pb_text admin_label=&#8221;Meie teenused&#8221; module_class=&#8221;jaluse-pealkiri&#8221; _builder_version=&#8221;4.19.1&#8243; _module_preset=&#8221;default&#8221; text_font=&#8221;Yantramanav|700|||||||&#8221; text_text_color=&#8221;#FFFFFF&#8221; text_font_size=&#8221;24px&#8221; text_letter_spacing=&#8221;1px&#8221; global_colors_info=&#8221;{}&#8221;]<\/p>\n<p>OUR SERVICES<\/p>\n<p>[\/et_pb_text][et_pb_text _builder_version=&#8221;4.20.4&#8243; _module_preset=&#8221;default&#8221; text_font=&#8221;Public Sans||||||||&#8221; text_text_color=&#8221;#FFFFFF&#8221; text_line_height=&#8221;1em&#8221; link_font=&#8221;Public Sans||||||||&#8221; link_text_color=&#8221;#FFFFFF&#8221; global_colors_info=&#8221;{}&#8221;]<a href=\"https:\/\/ch.ee\/en\/tolliterminaliteenused\/\"><span>Customs Terminal Services<\/span><\/a><\/p>\n<p><a href=\"https:\/\/ch.ee\/en\/tollilaoteenused\/\"><span>Customs Warehouse Services<\/span><\/a><\/p>\n<p><a href=\"https:\/\/ch.ee\/en\/aktsiisilaoteenused\/\"><span>Excise Warehouse Services<\/span><\/a><\/p>\n<p><a href=\"\/en\/lennuvaljateenused\/\"><span>Lennuv\u00e4ljateenused<\/span><\/a>[\/et_pb_text][\/et_pb_column][et_pb_column type=&#8221;1_3&#8243; _builder_version=&#8221;4.19.1&#8243; _module_preset=&#8221;default&#8221; global_colors_info=&#8221;{}&#8221;][et_pb_text admin_label=&#8221;Kasulikud lingid&#8221; module_class=&#8221;jaluse-pealkiri&#8221; _builder_version=&#8221;4.19.1&#8243; _module_preset=&#8221;default&#8221; text_font=&#8221;Yantramanav|700|||||||&#8221; text_text_color=&#8221;#FFFFFF&#8221; text_font_size=&#8221;24px&#8221; text_letter_spacing=&#8221;1px&#8221; global_colors_info=&#8221;{}&#8221;]<\/p>\n<p>USEFUL LINKS<\/p>\n<p>[\/et_pb_text][et_pb_text _builder_version=&#8221;4.20.4&#8243; _module_preset=&#8221;default&#8221; text_font=&#8221;Public Sans||||||||&#8221; text_text_color=&#8221;#FFFFFF&#8221; text_line_height=&#8221;1em&#8221; link_font=&#8221;Public Sans||||||||&#8221; link_text_color=&#8221;#FFFFFF&#8221; custom_margin=&#8221;20px|||||&#8221; global_colors_info=&#8221;{}&#8221;]<a href=\"https:\/\/ch.ee\/en\/teenused\/\"><span>Services<\/span><\/a><\/p>\n<p><a href=\"\/en\/abiinfo\/\"><span>Abiinfo<\/span><\/a><\/p>\n<p><a href=\"https:\/\/ch.ee\/en\/tagasiside\/\"><span>Feedback<\/span><\/a><\/p>\n<p><a href=\"https:\/\/ch.ee\/en\/saadetise-jalgimine\/\"><span>Track the shipment<\/span><\/a>[\/et_pb_text][\/et_pb_column][\/et_pb_row][\/et_pb_section]<\/p>","protected":false},"excerpt":{"rendered":"<p>Teadmiseks\/t\u00e4itmiseks Cargo Handling AS kliendile: Palume Teil t\u00e4ita ettepanekute ja kaebuste vorm juhul, kui Te ei ole rahul v\u00f5i Teil on ettepanekuid Cargo Handling AS teenuste ja\/v\u00f5i teeninduskultuuriga seoses. T\u00e4rniga t\u00e4histatud v\u00e4ljad on kohustuslikud t\u00e4ita! Kaebuse\/ettepaneku esitas\n<div class=\"wpcf7 no-js\" id=\"wpcf7-f284-o2\" lang=\"en-US\" dir=\"ltr\">\n<div class=\"screen-reader-response\"><p role=\"status\" aria-live=\"polite\" aria-atomic=\"true\"><\/p> <ul><\/ul><\/div>\n<form action=\"\/en\/wp-json\/wp\/v2\/pages\/81#wpcf7-f284-o2\" method=\"post\" class=\"wpcf7-form init\" aria-label=\"Contact form\" novalidate=\"novalidate\" data-status=\"init\" data-trp-original-action=\"\/en\/wp-json\/wp\/v2\/pages\/81#wpcf7-f284-o2\">\n<div style=\"display: none;\">\n<input type=\"hidden\" name=\"_wpcf7\" value=\"284\" \/>\n<input type=\"hidden\" name=\"_wpcf7_version\" value=\"5.8.6\" \/>\n<input type=\"hidden\" name=\"_wpcf7_locale\" value=\"en_US\" \/>\n<input type=\"hidden\" name=\"_wpcf7_unit_tag\" value=\"wpcf7-f284-o2\" \/>\n<input type=\"hidden\" name=\"_wpcf7_container_post\" value=\"0\" \/>\n<input type=\"hidden\" name=\"_wpcf7_posted_data_hash\" value=\"\" \/>\n<\/div>\n<p><label> Name <span style=\"color:red\">*<\/span><br \/>\n<span class=\"wpcf7-form-control-wrap\" data-name=\"your-name\"><input size=\"40\" class=\"wpcf7-form-control wpcf7-text wpcf7-validates-as-required\" aria-required=\"true\" aria-invalid=\"false\" value=\"\" type=\"text\" name=\"your-name\" \/><\/span> <\/label>\n<\/p>\n<p><label> Company<br \/>\n<span class=\"wpcf7-form-control-wrap\" data-name=\"firma\"><input size=\"40\" class=\"wpcf7-form-control wpcf7-text\" aria-invalid=\"false\" value=\"\" type=\"text\" name=\"firma\" \/><\/span> <\/label>\n<\/p>\n<p>Reason for complaint\/proposal\n<\/p>\n<p><label>Service culture of office workers<br \/>\n<span class=\"wpcf7-form-control-wrap\" data-name=\"kontori_teeninduskultuur\"><select class=\"wpcf7-form-control wpcf7-select\" aria-invalid=\"false\" name=\"kontori_teeninduskultuur\"><option value=\"Vali\">Vali<\/option><option value=\"Suhtlemine telefonis\">Suhtlemine telefonis<\/option><option value=\"Suhtlemine kontoris\">Suhtlemine kontoris<\/option><option value=\"Kliendi informeerimine\">Kliendi informeerimine<\/option><option value=\"Asjatundlikkus\">Asjatundlikkus<\/option><option value=\"Abivalmidus\">Abivalmidus<\/option><option value=\"Muu\">Muu<\/option><\/select><\/span> <\/label>\n<\/p>\n<p><label> Service culture of warehouse workers<br \/>\n<span class=\"wpcf7-form-control-wrap\" data-name=\"lao_teeninduskultuur\"><select class=\"wpcf7-form-control wpcf7-select\" aria-invalid=\"false\" name=\"lao_teeninduskultuur\"><option value=\"Vali\">Vali<\/option><option value=\"Suhtlemine telefonis\">Suhtlemine telefonis<\/option><option value=\"Suhtlemine laos\">Suhtlemine laos<\/option><option value=\"Asjatundlikkus\">Asjatundlikkus<\/option><option value=\"Abivalmidus\">Abivalmidus<\/option><option value=\"T\u00f6\u00f6 kiirus\">T\u00f6\u00f6 kiirus<\/option><option value=\"Muu\">Muu<\/option><\/select><\/span><\/label>\n<\/p>\n<p><label> Other<br \/>\n<span class=\"wpcf7-form-control-wrap\" data-name=\"muud\"><select class=\"wpcf7-form-control wpcf7-select\" aria-invalid=\"false\" name=\"muud\"><option value=\"Vali\">Vali<\/option><option value=\"Teenuse mittevastavus: arveldus\">Teenuse mittevastavus: arveldus<\/option><option value=\"Teenuse mittevastavus: aruandlus\">Teenuse mittevastavus: aruandlus<\/option><option value=\"Teenusele mittevastavus: info edastamine\">Teenusele mittevastavus: info edastamine<\/option><option value=\"Kauba mittevastavus: kahjustus\">Kauba mittevastavus: kahjustus<\/option><option value=\"Kauba mittevastavus: kaotsiminek\">Kauba mittevastavus: kaotsiminek<\/option><option value=\"Kauba mittevastavus: viivitus\">Kauba mittevastavus: viivitus<\/option><\/select><\/span><\/label>\n<\/p>\n<p><label> Other complaint\/suggestion<br \/>\n<span class=\"wpcf7-form-control-wrap\" data-name=\"muu-kaebus\"><textarea cols=\"40\" rows=\"10\" class=\"wpcf7-form-control wpcf7-textarea\" aria-invalid=\"false\" name=\"muu-kaebus\"><\/textarea><\/span> <\/label>\n<\/p>\n<p><label> Description of the complaint\/proposal<br \/>\n<span class=\"wpcf7-form-control-wrap\" data-name=\"kaebuse_kirjelduse\"><textarea cols=\"40\" rows=\"10\" class=\"wpcf7-form-control wpcf7-textarea\" aria-invalid=\"false\" name=\"kaebuse_kirjelduse\"><\/textarea><\/span> <\/label>\n<\/p>\n<p><input class=\"wpcf7-form-control wpcf7-submit has-spinner\" type=\"submit\" value=\"Send\" \/>\n<\/p><div class=\"wpcf7-response-output\" aria-hidden=\"true\"><\/div>\n<input type=\"hidden\" name=\"trp-form-language\" value=\"en\"\/><\/form>\n<\/div>\nETTEV\u00d5TTESTFirmast KontaktMEIE TEENUSEDTolliterminaliteenused Tollilaoteenused Aktsiisilaoteenused Lennuv\u00e4ljateenusedKASULIKUD LINGIDTeenused Abiinfo Tagasiside Saadetise j\u00e4lgimine<\/p>","protected":false},"author":1,"featured_media":0,"parent":0,"menu_order":0,"comment_status":"closed","ping_status":"closed","template":"page-template-blank.php","meta":{"_et_pb_use_builder":"on","_et_pb_old_content":"","_et_gb_content_width":"","footnotes":""},"class_list":["post-81","page","type-page","status-publish","hentry"],"_links":{"self":[{"href":"https:\/\/ch.ee\/en\/wp-json\/wp\/v2\/pages\/81","targetHints":{"allow":["GET"]}}],"collection":[{"href":"https:\/\/ch.ee\/en\/wp-json\/wp\/v2\/pages"}],"about":[{"href":"https:\/\/ch.ee\/en\/wp-json\/wp\/v2\/types\/page"}],"author":[{"embeddable":true,"href":"https:\/\/ch.ee\/en\/wp-json\/wp\/v2\/users\/1"}],"replies":[{"embeddable":true,"href":"https:\/\/ch.ee\/en\/wp-json\/wp\/v2\/comments?post=81"}],"version-history":[{"count":5,"href":"https:\/\/ch.ee\/en\/wp-json\/wp\/v2\/pages\/81\/revisions"}],"predecessor-version":[{"id":402,"href":"https:\/\/ch.ee\/en\/wp-json\/wp\/v2\/pages\/81\/revisions\/402"}],"wp:attachment":[{"href":"https:\/\/ch.ee\/en\/wp-json\/wp\/v2\/media?parent=81"}],"curies":[{"name":"wp","href":"https:\/\/api.w.org\/{rel}","templated":true}]}}